{"id":78,"date":"2020-09-01T20:07:04","date_gmt":"2020-09-01T20:07:04","guid":{"rendered":"https:\/\/psicoazaragoza.com\/?page_id=78"},"modified":"2020-09-11T10:01:31","modified_gmt":"2020-09-11T10:01:31","slug":"psicoa","status":"publish","type":"page","link":"https:\/\/psicoazaragoza.com\/index.php\/psicoa\/","title":{"rendered":""},"content":{"rendered":"\t\t<div data-elementor-type=\"wp-page\" data-elementor-id=\"78\" class=\"elementor elementor-78\" data-elementor-settings=\"[]\">\n\t\t\t\t\t\t<div class=\"elementor-inner\">\n\t\t\t\t\t\t\t<div class=\"elementor-section-wrap\">\n\t\t\t\t\t\t\t<section class=\"elementor-section elementor-top-section elementor-element elementor-element-8f94d9f elementor-section-boxed elementor-section-height-default elementor-section-height-default\" data-id=\"8f94d9f\" data-element_type=\"section\">\n\t\t\t\t\t\t<div class=\"elementor-container elementor-column-gap-default\">\n\t\t\t\t\t\t\t<div class=\"elementor-row\">\n\t\t\t\t\t<div class=\"elementor-column elementor-col-50 elementor-top-column elementor-element elementor-element-8e83cc6\" data-id=\"8e83cc6\" data-element_type=\"column\">\n\t\t\t<div class=\"elementor-column-wrap elementor-element-populated\">\n\t\t\t\t\t\t\t<div class=\"elementor-widget-wrap\">\n\t\t\t\t\t\t<div class=\"elementor-element elementor-element-1fac34c elementor-widget elementor-widget-heading\" data-id=\"1fac34c\" data-element_type=\"widget\" data-widget_type=\"heading.default\">\n\t\t\t\t<div class=\"elementor-widget-container\">\n\t\t\t<h1 class=\"elementor-heading-title elementor-size-xl\">PSICOA<\/h1>\t\t<\/div>\n\t\t\t\t<\/div>\n\t\t\t\t<div class=\"elementor-element elementor-element-a59bf42 elementor-invisible elementor-widget elementor-widget-image\" data-id=\"a59bf42\" data-element_type=\"widget\" data-settings=\"{&quot;_animation&quot;:&quot;fadeInDown&quot;}\" data-widget_type=\"image.default\">\n\t\t\t\t<div class=\"elementor-widget-container\">\n\t\t\t\t\t<div class=\"elementor-image\">\n\t\t\t\t\t\t\t\t\t\t<img width=\"768\" height=\"1024\" src=\"https:\/\/psicoazaragoza.com\/wp-content\/uploads\/2020\/08\/consulta-escritorio-768x1024.jpg\" class=\"attachment-large size-large\" alt=\"\" srcset=\"https:\/\/psicoazaragoza.com\/wp-content\/uploads\/2020\/08\/consulta-escritorio-768x1024.jpg 768w, https:\/\/psicoazaragoza.com\/wp-content\/uploads\/2020\/08\/consulta-escritorio-225x300.jpg 225w, https:\/\/psicoazaragoza.com\/wp-content\/uploads\/2020\/08\/consulta-escritorio.jpg 900w\" sizes=\"(max-width: 768px) 100vw, 768px\" \/>\t\t\t\t\t\t\t\t\t\t\t<\/div>\n\t\t\t\t<\/div>\n\t\t\t\t<\/div>\n\t\t\t\t\t\t<\/div>\n\t\t\t\t\t<\/div>\n\t\t<\/div>\n\t\t\t\t<div class=\"elementor-column elementor-col-50 elementor-top-column elementor-element elementor-element-fe9f3b8\" data-id=\"fe9f3b8\" data-element_type=\"column\">\n\t\t\t<div class=\"elementor-column-wrap elementor-element-populated\">\n\t\t\t\t\t\t\t<div class=\"elementor-widget-wrap\">\n\t\t\t\t\t\t<div class=\"elementor-element elementor-element-a737d30 elementor-widget elementor-widget-text-editor\" data-id=\"a737d30\" data-element_type=\"widget\" data-widget_type=\"text-editor.default\">\n\t\t\t\t<div class=\"elementor-widget-container\">\n\t\t\t\t\t<div class=\"elementor-text-editor elementor-clearfix\"><p>En Psicoa tenemos una misi\u00f3n, una visi\u00f3n y unos valores que definen nuestro camino. \u00c9stos la hacen un lugar \u00fanico en el cual podemos trabajar y avanzar juntos.<\/p><ul><li><span style=\"color: #628a93;\"><strong>MISI\u00d3N:\u00a0<\/strong><\/span>Atender las diferentes necesidades psicol\u00f3gicas que constituyen los diferentes aspectos, personal, laboral y\/o social mediante un servicio de calidad. Alcanzar un funcionamiento \u00f3ptimo y crear un estado de bienestar y satisfacci\u00f3n a trav\u00e9s de la mejora y\/o adquisici\u00f3n de distintas habilidades y herramientas aptas para cada una de las necesidades.<\/li><li><span style=\"color: #628a93;\"><strong>VISI\u00d3N:<\/strong><\/span>\u00a0Consolidarnos como un referente de calidad y confianza en Centros de Psicolog\u00eda, capaces de dar respuesta a cualquier necesidad planteada por nuestros pacientes.<\/li><li><span style=\"color: #628a93;\"><strong>VALORES:<\/strong>\u00a0<\/span><b><\/b><ul><li><span style=\"text-decoration: underline;\"><b>Pasi\u00f3n:<\/b><\/span> Porque en cada cosa que hacemos se nota el entusiasmo y la inmensa satisfacci\u00f3n de aplicar la psicolog\u00eda de una manera diferente en nuestro d\u00eda a d\u00eda, y es que poder ayudar y mejorar la vida de todo aquel que acude a Psicoa es una de las cosas m\u00e1s satisfactorias.<\/li><li><span style=\"text-decoration: underline;\"><b style=\"color: var( --e-global-color-text ); font-family: var( --e-global-typography-text-font-family ); font-size: var( --e-global-typography-text-font-size ); font-style: var( --e-global-typography-text-font-style ); letter-spacing: var( --e-global-typography-text-letter-spacing ); text-transform: var( --e-global-typography-text-text-transform ); text-decoration: underline;\">Compromiso<\/b><\/span><span style=\"color: var( --e-global-color-text ); font-family: var( --e-global-typography-text-font-family ); font-size: var( --e-global-typography-text-font-size ); font-style: var( --e-global-typography-text-font-style ); letter-spacing: var( --e-global-typography-text-letter-spacing ); text-transform: var( --e-global-typography-text-text-transform ); text-decoration: var( --e-global-typography-text-text-decoration );\"><span style=\"text-decoration: underline;\">:\u00a0<\/span>Comprometidos contigo y tu bienestar,<\/span>\u00a0 <span style=\"color: var( --e-global-color-text ); font-family: var( --e-global-typography-text-font-family ); font-size: var( --e-global-typography-text-font-size ); font-style: var( --e-global-typography-text-font-style ); letter-spacing: var( --e-global-typography-text-letter-spacing ); text-transform: var( --e-global-typography-text-text-transform ); text-decoration: var( --e-global-typography-text-text-decoration );\">porque tu salud es nuestra responsabilidad y por ello te orientaremos en todo momento, un aspecto clave para que consigas tus objetivos.<\/span><b><\/b><\/li><li><span style=\"text-decoration: underline;\"><b>Cercan\u00eda<\/b>:<\/span> Te sentir\u00e1s a gusto en un ambiente c\u00e1lido en el que la escucha y la comprensi\u00f3n van de la mano de un trato profesional y transparente. Se ofrece un trato cercano y siempre desde un profundo respeto por cada persona que acude a Psicoa.<\/li><li><b><\/b><span style=\"text-decoration: underline;\"><b>Individualizaci\u00f3n:<\/b><\/span>\u00a0Cada persona y cada caso es \u00fanico, por ello se trabaja de manera individualizada, analizando el contexto, las debilidades, fortalezas y peculiaridades de cada demanda.<\/li><li><b><\/b><span style=\"text-decoration: underline;\"><b>Confidencialidad:<\/b><\/span>\u00a0 Tu\u00a0seguridad\u00a0y\u00a0tranquilidad es muy importante, por ello Psicoa cumple rigurosamente con la normativa vigente en\u00a0Protecci\u00f3n de Datos\u00a0de car\u00e1cter personal.<\/li><li style=\"list-style-type: none;\">\u00a0<\/li><li style=\"list-style-type: none;\">\u00a0<\/li><li style=\"list-style-type: none;\">\u00a0<\/li><\/ul><\/li><\/ul><\/div>\n\t\t\t\t<\/div>\n\t\t\t\t<\/div>\n\t\t\t\t\t\t<\/div>\n\t\t\t\t\t<\/div>\n\t\t<\/div>\n\t\t\t\t\t\t\t\t<\/div>\n\t\t\t\t\t<\/div>\n\t\t<\/section>\n\t\t\t\t<section class=\"elementor-section elementor-top-section elementor-element elementor-element-febe877 elementor-section-boxed elementor-section-height-default elementor-section-height-default\" data-id=\"febe877\" data-element_type=\"section\">\n\t\t\t\t\t\t<div class=\"elementor-container elementor-column-gap-default\">\n\t\t\t\t\t\t\t<div class=\"elementor-row\">\n\t\t\t\t\t<div class=\"elementor-column elementor-col-33 elementor-top-column elementor-element elementor-element-358cb1f\" data-id=\"358cb1f\" data-element_type=\"column\">\n\t\t\t<div class=\"elementor-column-wrap elementor-element-populated\">\n\t\t\t\t\t\t\t<div class=\"elementor-widget-wrap\">\n\t\t\t\t\t\t<div class=\"elementor-element elementor-element-b6c5bed elementor-widget elementor-widget-image\" data-id=\"b6c5bed\" data-element_type=\"widget\" data-widget_type=\"image.default\">\n\t\t\t\t<div class=\"elementor-widget-container\">\n\t\t\t\t\t<div class=\"elementor-image\">\n\t\t\t\t\t\t\t\t\t\t<img width=\"1024\" height=\"768\" src=\"https:\/\/psicoazaragoza.com\/wp-content\/uploads\/2020\/08\/consulta-3-1024x768.jpg\" class=\"attachment-large size-large\" alt=\"\" srcset=\"https:\/\/psicoazaragoza.com\/wp-content\/uploads\/2020\/08\/consulta-3-1024x768.jpg 1024w, https:\/\/psicoazaragoza.com\/wp-content\/uploads\/2020\/08\/consulta-3-300x225.jpg 300w, https:\/\/psicoazaragoza.com\/wp-content\/uploads\/2020\/08\/consulta-3-768x576.jpg 768w, https:\/\/psicoazaragoza.com\/wp-content\/uploads\/2020\/08\/consulta-3.jpg 1200w\" sizes=\"(max-width: 1024px) 100vw, 1024px\" \/>\t\t\t\t\t\t\t\t\t\t\t<\/div>\n\t\t\t\t<\/div>\n\t\t\t\t<\/div>\n\t\t\t\t\t\t<\/div>\n\t\t\t\t\t<\/div>\n\t\t<\/div>\n\t\t\t\t<div class=\"elementor-column elementor-col-33 elementor-top-column elementor-element elementor-element-87dea7b\" data-id=\"87dea7b\" data-element_type=\"column\">\n\t\t\t<div class=\"elementor-column-wrap elementor-element-populated\">\n\t\t\t\t\t\t\t<div class=\"elementor-widget-wrap\">\n\t\t\t\t\t\t<div class=\"elementor-element elementor-element-798a1da elementor-widget elementor-widget-image\" data-id=\"798a1da\" data-element_type=\"widget\" data-widget_type=\"image.default\">\n\t\t\t\t<div class=\"elementor-widget-container\">\n\t\t\t\t\t<div class=\"elementor-image\">\n\t\t\t\t\t\t\t\t\t\t<img width=\"1024\" height=\"768\" src=\"https:\/\/psicoazaragoza.com\/wp-content\/uploads\/2020\/08\/consulta-4-1024x768.jpg\" class=\"attachment-large size-large\" alt=\"\" srcset=\"https:\/\/psicoazaragoza.com\/wp-content\/uploads\/2020\/08\/consulta-4-1024x768.jpg 1024w, https:\/\/psicoazaragoza.com\/wp-content\/uploads\/2020\/08\/consulta-4-300x225.jpg 300w, https:\/\/psicoazaragoza.com\/wp-content\/uploads\/2020\/08\/consulta-4-768x576.jpg 768w, https:\/\/psicoazaragoza.com\/wp-content\/uploads\/2020\/08\/consulta-4.jpg 1200w\" sizes=\"(max-width: 1024px) 100vw, 1024px\" \/>\t\t\t\t\t\t\t\t\t\t\t<\/div>\n\t\t\t\t<\/div>\n\t\t\t\t<\/div>\n\t\t\t\t\t\t<\/div>\n\t\t\t\t\t<\/div>\n\t\t<\/div>\n\t\t\t\t<div class=\"elementor-column elementor-col-33 elementor-top-column elementor-element elementor-element-3f8d9b2\" data-id=\"3f8d9b2\" data-element_type=\"column\">\n\t\t\t<div class=\"elementor-column-wrap elementor-element-populated\">\n\t\t\t\t\t\t\t<div class=\"elementor-widget-wrap\">\n\t\t\t\t\t\t<div class=\"elementor-element elementor-element-eeca1c9 elementor-widget elementor-widget-image\" data-id=\"eeca1c9\" data-element_type=\"widget\" data-widget_type=\"image.default\">\n\t\t\t\t<div class=\"elementor-widget-container\">\n\t\t\t\t\t<div class=\"elementor-image\">\n\t\t\t\t\t\t\t\t\t\t<img width=\"1024\" height=\"768\" src=\"https:\/\/psicoazaragoza.com\/wp-content\/uploads\/2020\/08\/consulta2-1024x768.jpg\" class=\"attachment-large size-large\" alt=\"\" srcset=\"https:\/\/psicoazaragoza.com\/wp-content\/uploads\/2020\/08\/consulta2-1024x768.jpg 1024w, https:\/\/psicoazaragoza.com\/wp-content\/uploads\/2020\/08\/consulta2-300x225.jpg 300w, https:\/\/psicoazaragoza.com\/wp-content\/uploads\/2020\/08\/consulta2-768x576.jpg 768w, https:\/\/psicoazaragoza.com\/wp-content\/uploads\/2020\/08\/consulta2.jpg 1032w\" sizes=\"(max-width: 1024px) 100vw, 1024px\" \/>\t\t\t\t\t\t\t\t\t\t\t<\/div>\n\t\t\t\t<\/div>\n\t\t\t\t<\/div>\n\t\t\t\t\t\t<\/div>\n\t\t\t\t\t<\/div>\n\t\t<\/div>\n\t\t\t\t\t\t\t\t<\/div>\n\t\t\t\t\t<\/div>\n\t\t<\/section>\n\t\t\t\t\t\t<\/div>\n\t\t\t\t\t\t<\/div>\n\t\t\t\t\t<\/div>\n\t\t","protected":false},"excerpt":{"rendered":"<p>PSICOA En Psicoa tenemos una misi\u00f3n, una visi\u00f3n y unos valores que definen nuestro camino. \u00c9stos la hacen un lugar \u00fanico en el cual podemos trabajar y avanzar juntos. MISI\u00d3N:\u00a0Atender las diferentes necesidades psicol\u00f3gicas que constituyen los diferentes aspectos, personal, laboral y\/o social mediante un servicio de calidad. Alcanzar un funcionamiento \u00f3ptimo y crear un&hellip;&nbsp;<a href=\"https:\/\/psicoazaragoza.com\/index.php\/psicoa\/\" class=\"\" rel=\"bookmark\">Leer m\u00e1s &raquo;<span class=\"screen-reader-text\"><\/span><\/a><\/p>\n","protected":false},"author":1,"featured_media":0,"parent":0,"menu_order":0,"comment_status":"closed","ping_status":"closed","template":"","meta":{"neve_meta_sidebar":"","neve_meta_container":"","neve_meta_enable_content_width":"","neve_meta_content_width":0,"neve_meta_title_alignment":"","neve_meta_author_avatar":"","neve_post_elements_order":"","neve_meta_disable_header":"","neve_meta_disable_footer":"","neve_meta_disable_title":""},"yoast_head":"<!-- This site is optimized with the Yoast SEO plugin v15.1 - https:\/\/yoast.com\/wordpress\/plugins\/seo\/ -->\n<title>- Psicoa<\/title>\n<meta name=\"robots\" content=\"index, follow, max-snippet:-1, max-image-preview:large, max-video-preview:-1\" \/>\n<link rel=\"canonical\" href=\"https:\/\/psicoazaragoza.com\/index.php\/psicoa\/\" \/>\n<meta property=\"og:locale\" content=\"es_ES\" \/>\n<meta property=\"og:type\" content=\"article\" \/>\n<meta property=\"og:title\" content=\"- Psicoa\" \/>\n<meta property=\"og:description\" content=\"PSICOA En Psicoa tenemos una misi\u00f3n, una visi\u00f3n y unos valores que definen nuestro camino. \u00c9stos la hacen un lugar \u00fanico en el cual podemos trabajar y avanzar juntos. MISI\u00d3N:\u00a0Atender las diferentes necesidades psicol\u00f3gicas que constituyen los diferentes aspectos, personal, laboral y\/o social mediante un servicio de calidad. Alcanzar un funcionamiento \u00f3ptimo y crear un&hellip;&nbsp;Leer m\u00e1s &raquo;\" \/>\n<meta property=\"og:url\" content=\"https:\/\/psicoazaragoza.com\/index.php\/psicoa\/\" \/>\n<meta property=\"og:site_name\" content=\"Psicoa\" \/>\n<meta property=\"article:publisher\" content=\"https:\/\/www.facebook.com\/Psicoa-103722911481014\" \/>\n<meta property=\"article:modified_time\" content=\"2020-09-11T10:01:31+00:00\" \/>\n<meta property=\"og:image\" content=\"https:\/\/psicoazaragoza.com\/wp-content\/uploads\/2020\/08\/consulta-escritorio-768x1024.jpg\" \/>\n<meta name=\"twitter:card\" content=\"summary_large_image\" \/>\n<script type=\"application\/ld+json\" class=\"yoast-schema-graph\">{\"@context\":\"https:\/\/schema.org\",\"@graph\":[{\"@type\":\"Organization\",\"@id\":\"https:\/\/psicoazaragoza.com\/#organization\",\"name\":\"PSICOA\",\"url\":\"https:\/\/psicoazaragoza.com\/\",\"sameAs\":[\"https:\/\/www.facebook.com\/Psicoa-103722911481014\",\"https:\/\/www.instagram.com\/psicoazaragoza\/\"],\"logo\":{\"@type\":\"ImageObject\",\"@id\":\"https:\/\/psicoazaragoza.com\/#logo\",\"inLanguage\":\"es\",\"url\":\"https:\/\/psicoazaragoza.com\/wp-content\/uploads\/2020\/09\/logo-1.jpg\",\"width\":842,\"height\":595,\"caption\":\"PSICOA\"},\"image\":{\"@id\":\"https:\/\/psicoazaragoza.com\/#logo\"}},{\"@type\":\"WebSite\",\"@id\":\"https:\/\/psicoazaragoza.com\/#website\",\"url\":\"https:\/\/psicoazaragoza.com\/\",\"name\":\"Psicoa\",\"description\":\"Psic\\u00f3loga en Zaragoza. Ayudado por un profesional de la salud mental conseguir\\u00e1s tus metas en un ambiente c\\u00e1lido y cercano. Terapia psicol\\u00f3gica individual, familiar y de pareja.\",\"publisher\":{\"@id\":\"https:\/\/psicoazaragoza.com\/#organization\"},\"potentialAction\":[{\"@type\":\"SearchAction\",\"target\":\"https:\/\/psicoazaragoza.com\/?s={search_term_string}\",\"query-input\":\"required name=search_term_string\"}],\"inLanguage\":\"es\"},{\"@type\":\"ImageObject\",\"@id\":\"https:\/\/psicoazaragoza.com\/index.php\/psicoa\/#primaryimage\",\"inLanguage\":\"es\",\"url\":\"https:\/\/psicoazaragoza.com\/wp-content\/uploads\/2020\/08\/consulta-escritorio.jpg\",\"width\":900,\"height\":1200},{\"@type\":\"WebPage\",\"@id\":\"https:\/\/psicoazaragoza.com\/index.php\/psicoa\/#webpage\",\"url\":\"https:\/\/psicoazaragoza.com\/index.php\/psicoa\/\",\"name\":\"- Psicoa\",\"isPartOf\":{\"@id\":\"https:\/\/psicoazaragoza.com\/#website\"},\"primaryImageOfPage\":{\"@id\":\"https:\/\/psicoazaragoza.com\/index.php\/psicoa\/#primaryimage\"},\"datePublished\":\"2020-09-01T20:07:04+00:00\",\"dateModified\":\"2020-09-11T10:01:31+00:00\",\"inLanguage\":\"es\",\"potentialAction\":[{\"@type\":\"ReadAction\",\"target\":[\"https:\/\/psicoazaragoza.com\/index.php\/psicoa\/\"]}]}]}<\/script>\n<!-- \/ Yoast SEO plugin. -->","_links":{"self":[{"href":"https:\/\/psicoazaragoza.com\/index.php\/wp-json\/wp\/v2\/pages\/78"}],"collection":[{"href":"https:\/\/psicoazaragoza.com\/index.php\/wp-json\/wp\/v2\/pages"}],"about":[{"href":"https:\/\/psicoazaragoza.com\/index.php\/wp-json\/wp\/v2\/types\/page"}],"author":[{"embeddable":true,"href":"https:\/\/psicoazaragoza.com\/index.php\/wp-json\/wp\/v2\/users\/1"}],"replies":[{"embeddable":true,"href":"https:\/\/psicoazaragoza.com\/index.php\/wp-json\/wp\/v2\/comments?post=78"}],"version-history":[{"count":8,"href":"https:\/\/psicoazaragoza.com\/index.php\/wp-json\/wp\/v2\/pages\/78\/revisions"}],"predecessor-version":[{"id":216,"href":"https:\/\/psicoazaragoza.com\/index.php\/wp-json\/wp\/v2\/pages\/78\/revisions\/216"}],"wp:attachment":[{"href":"https:\/\/psicoazaragoza.com\/index.php\/wp-json\/wp\/v2\/media?parent=78"}],"curies":[{"name":"wp","href":"https:\/\/api.w.org\/{rel}","templated":true}]}}